{"id":579,"date":"2019-09-03T22:14:46","date_gmt":"2019-09-03T20:14:46","guid":{"rendered":"http:\/\/h2.bayern\/?page_id=579"},"modified":"2025-02-18T10:32:54","modified_gmt":"2025-02-18T09:32:54","slug":"h2-b","status":"publish","type":"page","link":"https:\/\/h2.bayern\/en\/h2-b\/","title":{"rendered":"H2.B"},"content":{"rendered":"<p><div class=\"fusion-fullwidth fullwidth-box fusion-builder-row-1 nonhundred-percent-fullwidth non-hundred-percent-height-scrolling\" style=\"--awb-border-radius-top-left:0px;--awb-border-radius-top-right:0px;--awb-border-radius-bottom-right:0px;--awb-border-radius-bottom-left:0px;--awb-flex-wrap:wrap;\" ><div class=\"fusion-builder-row fusion-row\"><div class=\"fusion-layout-column fusion_builder_column fusion-builder-column-0 fusion_builder_column_1_1 1_1 fusion-one-full fusion-column-first fusion-column-last\" style=\"--awb-bg-size:cover;\"><div class=\"fusion-column-wrapper fusion-column-has-shadow fusion-flex-column-wrapper-legacy\"><div class=\"fusion-text fusion-text-1\"><h1>The Hydrogen Center Bavaria (H2.B)<\/h1>\n<\/div><div class=\"fusion-clearfix\"><\/div><\/div><\/div><\/div><\/div><div class=\"fusion-fullwidth fullwidth-box fusion-builder-row-2 nonhundred-percent-fullwidth non-hundred-percent-height-scrolling\" style=\"--awb-border-radius-top-left:0px;--awb-border-radius-top-right:0px;--awb-border-radius-bottom-right:0px;--awb-border-radius-bottom-left:0px;--awb-flex-wrap:wrap;\" ><div class=\"fusion-builder-row fusion-row\"><div class=\"fusion-layout-column fusion_builder_column fusion-builder-column-1 fusion_builder_column_2_3 2_3 fusion-two-third fusion-column-first\" style=\"--awb-bg-size:cover;--awb-margin-bottom:0px;width:65.3333%; margin-right: 4%;\"><div class=\"fusion-column-wrapper fusion-flex-column-wrapper-legacy\"><div class=\"fusion-text fusion-text-2\"><p>In order to consolidate and expand the strong position of the Bavarian industry and science in the important future field of hydrogen, the State of Bavaria founded the Hydrogen Center Bavaria (H2.B) in Nuremberg in September 2019. In doing so, Bavaria is pursuing the goal of bringing together key players in the industry, science and politics to advance the topic of the &#8220;hydrogen economy&#8221; and &#8211; in particular &#8211; the use of hydrogen in the sector of mobility in Bavaria as quickly as possible and to bring hydrogen into widespread practical use. The Center was initiated by the Bavarian State Ministry of Economic Affairs, Regional Development and Energy.<\/p>\n<\/div><div class=\"fusion-button-wrapper fusion-alignleft\"><a class=\"fusion-button button-flat button-large button-custom fusion-button-default button-1 fusion-button-default-span button-bold\" style=\"--awb-margin-top:5px;--awb-margin-bottom:45px;--button_accent_color:#1e6c83;--button_border_color:#1e6c83;--button_accent_hover_color:#104b61;--button_border_hover_color:#104b61;--button_border_width-top:2px;--button_border_width-right:2px;--button_border_width-bottom:2px;--button_border_width-left:2px;--button-border-radius-top-left:0px;--button-border-radius-top-right:0px;--button-border-radius-bottom-right:0px;--button-border-radius-bottom-left:0px;--button_gradient_top_color:#ffffff;--button_gradient_bottom_color:#ffffff;--button_gradient_top_color_hover:#efefef;--button_gradient_bottom_color_hover:#efefef;\" target=\"_self\" href=\"https:\/\/h2.bayern\/en\/h2-b\/team\/\"><i class=\"fa-arrow-alt-circle-right fas awb-button__icon awb-button__icon--default button-icon-left\" aria-hidden=\"true\"><\/i><span class=\"fusion-button-text awb-button__text awb-button__text--default\">team of the H2.B<\/span><\/a><\/div><div class=\"fusion-clearfix\"><\/div><\/div><\/div><div class=\"fusion-layout-column fusion_builder_column fusion-builder-column-2 fusion_builder_column_1_3 1_3 fusion-one-third fusion-column-last\" style=\"--awb-bg-size:cover;width:30.6666%;\"><div class=\"fusion-column-wrapper fusion-column-has-shadow fusion-flex-column-wrapper-legacy\"><div class=\"fusion-image-element in-legacy-container\" style=\"--awb-caption-title-font-family:var(--h2_typography-font-family);--awb-caption-title-font-weight:var(--h2_typography-font-weight);--awb-caption-title-font-style:var(--h2_typography-font-style);--awb-caption-title-size:var(--h2_typography-font-size);--awb-caption-title-transform:var(--h2_typography-text-transform);--awb-caption-title-line-height:var(--h2_typography-line-height);--awb-caption-title-letter-spacing:var(--h2_typography-letter-spacing);\"><span class=\" fusion-imageframe imageframe-none imageframe-1 hover-type-zoomin\"><a href=\"https:\/\/h2.bayern\/wp-content\/uploads\/2019\/09\/190905_Wasserstoff_1739-1024x683.jpg\" class=\"fusion-lightbox\" data-rel=\"iLightbox[e117ffc16d7a3083a0c]\" data-caption=\"Gr\u00fcndung des Zentrum Wasserstoff.Bayern (H2.B) und Wasserstoffb\u00fcndnis Bayern am Donnerstag 05.09.2019 auf einer Pressekonferenz am Energie Campus N\u00fcrnberg (EnCN).\n\n\n\nFoto: Kurt Fuchs\/ H2.B\" data-title=\"Gr\u00fcndung des Zentrum Wasserstoff.Bayern (H2.B) und Wasserstoffb\u00fcndnis Bayern\" title=\"Gr\u00fcndung des Zentrum Wasserstoff.Bayern (H2.B) und Wasserstoffb\u00fcndnis Bayern\"><img decoding=\"async\" width=\"1024\" height=\"683\" src=\"https:\/\/h2.bayern\/wp-content\/uploads\/2019\/09\/190905_Wasserstoff_1739.jpg\" data-orig-src=\"https:\/\/h2.bayern\/wp-content\/uploads\/2019\/09\/190905_Wasserstoff_1739-1024x683.jpg\" alt class=\"lazyload img-responsive wp-image-122\" srcset=\"data:image\/svg+xml,%3Csvg%20xmlns%3D%27http%3A%2F%2Fwww.w3.org%2F2000%2Fsvg%27%20width%3D%275315%27%20height%3D%273543%27%20viewBox%3D%270%200%205315%203543%27%3E%3Crect%20width%3D%275315%27%20height%3D%273543%27%20fill-opacity%3D%220%22%2F%3E%3C%2Fsvg%3E\" data-srcset=\"https:\/\/h2.bayern\/wp-content\/uploads\/2019\/09\/190905_Wasserstoff_1739-200x133.jpg 200w, https:\/\/h2.bayern\/wp-content\/uploads\/2019\/09\/190905_Wasserstoff_1739-400x267.jpg 400w, https:\/\/h2.bayern\/wp-content\/uploads\/2019\/09\/190905_Wasserstoff_1739-600x400.jpg 600w, https:\/\/h2.bayern\/wp-content\/uploads\/2019\/09\/190905_Wasserstoff_1739-800x533.jpg 800w, https:\/\/h2.bayern\/wp-content\/uploads\/2019\/09\/190905_Wasserstoff_1739-1200x800.jpg 1200w\" data-sizes=\"auto\" data-orig-sizes=\"(max-width: 800px) 100vw, 400px\" \/><\/a><\/span><\/div><div class=\"fusion-text fusion-text-3\"><p><i>Foundation event, September 5, 2019<\/i><\/p>\n<\/div><div class=\"fusion-clearfix\"><\/div><\/div><\/div><\/div><\/div><div class=\"fusion-fullwidth fullwidth-box fusion-builder-row-3 nonhundred-percent-fullwidth non-hundred-percent-height-scrolling\" style=\"--awb-border-radius-top-left:0px;--awb-border-radius-top-right:0px;--awb-border-radius-bottom-right:0px;--awb-border-radius-bottom-left:0px;--awb-flex-wrap:wrap;\" ><div class=\"fusion-builder-row fusion-row\"><div class=\"fusion-layout-column fusion_builder_column fusion-builder-column-3 fusion_builder_column_1_1 1_1 fusion-one-full fusion-column-first fusion-column-last\" style=\"--awb-bg-size:cover;\"><div class=\"fusion-column-wrapper fusion-column-has-shadow fusion-flex-column-wrapper-legacy\"><div class=\"fusion-title title fusion-title-1 fusion-sep-none fusion-title-text fusion-title-size-two\" style=\"--awb-margin-top:20px;--awb-margin-bottom:20px;--awb-margin-top-small:0px;--awb-margin-right-small:0px;--awb-margin-bottom-small:20px;--awb-margin-left-small:0px;\"><h2 class=\"fusion-title-heading title-heading-left\" style=\"margin:0;\"><h2>About the H2.B<\/h2><\/h2><\/div><div class=\"fusion-text fusion-text-4\"><p>The Hydrogen Center Bavaria (H2.B) is the networking and coordination platform for hydrogen in Bavaria, initiated and financed by the Free State of Bavaria. The Center acts at the interface between industry, science and politics in a national and international context. The <span id=\"page105R_mcid12\" class=\"markedContent\"><span dir=\"ltr\" role=\"presentation\">numerous <\/span><\/span>activities of the Center <span id=\"page105R_mcid12\" class=\"markedContent\"><span dir=\"ltr\" role=\"presentation\">are intended, among information and consulting<\/span><span dir=\"ltr\" role=\"presentation\">, to strengthen the networking of Bavarian hydrogen stakeholders with each other (in the<\/span> <span dir=\"ltr\" role=\"presentation\">Hydrogen Alliance<\/span> <span dir=\"ltr\" role=\"presentation\">Bavaria<\/span><span dir=\"ltr\" role=\"presentation\">), as well as with other national and international players. <\/span><\/span>In addition, the H2.B coordinates the <a href=\"https:\/\/h2.bayern\/en\/hydrogen-alliance-bavaria\/\">Hydrogen Alliance Bavaria<\/a>.<\/p>\n<p>In 2020, the H2.B and its partners in the Hydrogen Alliance Bavaria developed a <a href=\"https:\/\/h2.bayern\/en\/bavarian-hydrogen-strategy\/position-paper\/\">Position Paper about the Bavarian Hydrogen Economy<\/a> as a first step towards the Bavarian Hydrogen Strategy. In April 2022, the H2.B published the <a href=\"https:\/\/h2.bayern\/en\/bavarian-hydrogen-strategy\/hydrogen-roadmap-bavaria\/\">Hydrogen Roadmap Bavaria<\/a>.<\/p>\n<\/div><div class=\"fusion-title title fusion-title-2 fusion-sep-none fusion-title-text fusion-title-size-two\" style=\"--awb-margin-top:50px;--awb-margin-bottom:25px;--awb-margin-top-small:0px;--awb-margin-right-small:0px;--awb-margin-bottom-small:20px;--awb-margin-left-small:0px;\"><h2 class=\"fusion-title-heading title-heading-left\" style=\"margin:0;\"><h2>Activities of the Center<\/h2><\/h2><\/div><div class=\"fusion-content-boxes content-boxes columns row fusion-columns-3 fusion-columns-total-3 fusion-content-boxes-1 content-boxes-icon-boxed content-left hidden\" style=\"--awb-backgroundcolor:#eeeeee;--awb-title-color:#448ca9;--awb-margin-top:0px;--awb-hover-accent-color:#6194a8;--awb-circle-hover-accent-color:#6194a8;\" data-animationOffset=\"top-into-view\"><div style=\"--awb-backgroundcolor:#eeeeee;\" class=\"fusion-column content-box-column content-box-column content-box-column-1 col-lg-4 col-md-4 col-sm-4 fusion-content-box-hover content-box-column-first-in-row\"><div class=\"col content-box-wrapper content-wrapper-background content-wrapper-boxed link-area-link-icon icon-hover-animation-fade\" data-animationOffset=\"top-into-view\"><div class=\"heading heading-with-icon icon-left\"><div class=\"icon\"><i style=\"border-color:#333333;border-width:0px;background-color:#448ca9;box-sizing:content-box;height:70px;width:70px;line-height:70px;top:-85px;margin-left:-35px;border-radius:50%;font-size:35px;\" aria-hidden=\"true\" class=\"fontawesome-icon fa-book fas circle-yes\"><\/i><\/div><h2 class=\"content-box-heading\" style=\"--h2_typography-font-size:18px;line-height:23px;\">Wasserstoffstrategie<\/h2><\/div><div class=\"fusion-clearfix\"><\/div><div class=\"content-container\">\n<ul>\n<li style=\"text-align: left;\">Entwicklung einer <a href=\"https:\/\/h2.bayern\/en\/bavarian-hydrogen-strategy\/\">Wasserstoffstrategie f\u00fcr Bayern<\/a> in Kooperation mit den zentralen Akteuren aus Politik, Wirtschaft und Wissenschaft mit dem Ziel, den Einsatz von Wasserstoff in der breiten Praxisanwendung zu erreichen.<\/li>\n<li style=\"text-align: left;\">Erarbeitung einer Wasserstoff-Roadmap f\u00fcr Bayern.<\/li>\n<\/ul>\n<\/div><\/div><\/div><div style=\"--awb-backgroundcolor:#eeeeee;\" class=\"fusion-column content-box-column content-box-column content-box-column-2 col-lg-4 col-md-4 col-sm-4 fusion-content-box-hover \"><div class=\"col content-box-wrapper content-wrapper-background content-wrapper-boxed link-area-link-icon icon-hover-animation-fade\" data-animationOffset=\"top-into-view\"><div class=\"heading heading-with-icon icon-left\"><div class=\"icon\"><i style=\"border-color:#333333;border-width:0px;background-color:#448ca9;box-sizing:content-box;height:70px;width:70px;line-height:70px;top:-85px;margin-left:-35px;border-radius:50%;font-size:35px;\" aria-hidden=\"true\" class=\"fontawesome-icon fa-industry fas circle-yes\"><\/i><\/div><h2 class=\"content-box-heading\" style=\"--h2_typography-font-size:18px;line-height:23px;\">Demonstration &amp; Analyse<\/h2><\/div><div class=\"fusion-clearfix\"><\/div><div class=\"content-container\">\n<ul>\n<li style=\"text-align: left;\">Initiierung und Evaluation von Demonstrationsprojekten mit dem Ziel, Akteure und ihre Expertise zusammenzubringen, Synergieeffekte zu heben und Erkenntnisse aus Demonstrationsprojekten nutzbar zu machen f\u00fcr die Weiterentwicklung und die gro\u00dffl\u00e4chige Umsetzung der Wasserstoffwirtschaft in Bayern.<\/li>\n<li style=\"text-align: left;\">Markt- und Technologieanalysen f\u00fcr Wasserstoff.<\/li>\n<\/ul>\n<\/div><\/div><\/div><div style=\"--awb-backgroundcolor:#eeeeee;\" class=\"fusion-column content-box-column content-box-column content-box-column-3 col-lg-4 col-md-4 col-sm-4 fusion-content-box-hover content-box-column-last content-box-column-last-in-row\"><div class=\"col content-box-wrapper content-wrapper-background content-wrapper-boxed link-area-link-icon icon-hover-animation-fade\" data-animationOffset=\"top-into-view\"><div class=\"heading heading-with-icon icon-left\"><div class=\"icon\"><i style=\"border-color:#333333;border-width:0px;background-color:#448ca9;box-sizing:content-box;height:70px;width:70px;line-height:70px;top:-85px;margin-left:-35px;border-radius:50%;font-size:35px;\" aria-hidden=\"true\" class=\"fontawesome-icon fa-project-diagram fas circle-yes\"><\/i><\/div><h2 class=\"content-box-heading\" style=\"--h2_typography-font-size:18px;line-height:23px;\">Netzwerk- &amp; \u00d6ffentlichkeitsarbeit<\/h2><\/div><div class=\"fusion-clearfix\"><\/div><div class=\"content-container\">\n<ul>\n<li style=\"text-align: left;\">Netzwerkaktivit\u00e4ten und \u00d6ffentlichkeitsarbeit, um den Aufbau nationaler und internationaler Kooperationen zu beschleunigen und um die allgemeine Wahrnehmung der Technologien und ihrer Perspektiven zu steigern.<\/li>\n<li style=\"text-align: left;\">Kooperation mit anderen Landes- und Bundesinitiativen.<\/li>\n<\/ul>\n<\/div><\/div><\/div><div class=\"fusion-clearfix\"><\/div><\/div><div class=\"fusion-clearfix\"><\/div><\/div><\/div><\/div><\/div><div class=\"fusion-fullwidth fullwidth-box fusion-builder-row-4 fusion-flex-container nonhundred-percent-fullwidth non-hundred-percent-height-scrolling\" style=\"--awb-border-radius-top-left:0px;--awb-border-radius-top-right:0px;--awb-border-radius-bottom-right:0px;--awb-border-radius-bottom-left:0px;--awb-flex-wrap:wrap;\" ><div class=\"fusion-builder-row fusion-row fusion-flex-align-items-flex-start fusion-flex-content-wrap\" style=\"max-width:1144px;margin-left: calc(-4% \/ 2 );margin-right: calc(-4% \/ 2 );\"><div class=\"fusion-layout-column fusion_builder_column fusion-builder-column-4 fusion_builder_column_1_2 1_2 fusion-flex-column fusion-flex-align-self-stretch fusion-animated box-bg-icon\" style=\"--awb-padding-top:20px;--awb-padding-right:20px;--awb-padding-bottom:20px;--awb-padding-left:20px;--awb-bg-color:#104b61;--awb-bg-color-hover:#104b61;--awb-bg-position:right center;--awb-bg-blend:lighten;--awb-bg-size:cover;--awb-width-large:50%;--awb-margin-top-large:0px;--awb-spacing-right-large:3.84%;--awb-margin-bottom-large:20px;--awb-spacing-left-large:3.84%;--awb-width-medium:100%;--awb-order-medium:0;--awb-spacing-right-medium:1.92%;--awb-spacing-left-medium:1.92%;--awb-width-small:100%;--awb-order-small:0;--awb-spacing-right-small:1.92%;--awb-spacing-left-small:1.92%;\" data-animationType=\"fadeInDown\" data-animationDuration=\"0.3\" data-animationOffset=\"top-into-view\"><div class=\"fusion-column-wrapper lazyload fusion-column-has-shadow fusion-flex-justify-content-flex-start fusion-content-layout-column fusion-column-has-bg-image\" data-bg-url=\"https:\/\/h2.bayern\/wp-content\/uploads\/2021\/05\/pressemeldung-150x150.png\" data-bg=\"https:\/\/h2.bayern\/wp-content\/uploads\/2021\/05\/pressemeldung-150x150.png\"><div class=\"fusion-title title fusion-title-3 fusion-sep-none fusion-title-text fusion-title-size-two\" style=\"--awb-text-color:#ffffff;--awb-margin-top-small:0px;--awb-margin-right-small:0px;--awb-margin-bottom-small:20px;--awb-margin-left-small:0px;\"><h2 class=\"fusion-title-heading title-heading-left\" style=\"margin:0;\">Strategy<\/h2><\/div><div class=\"fusion-text fusion-text-5\" style=\"--awb-text-color:#ffffff;\"><p>Development of a <a href=\"https:\/\/h2.bayern\/en\/bavarian-hydrogen-strategy\/\"><span style=\"color: #ffffff;\">hydrogen strategy for Bavaria<\/span><\/a>\u00a0in cooperation with the central players from politics, industry and science with the aim of achieving the use of hydrogen in broad practical application<\/p>\n<p>Monitoring of other national and international strategies<\/p>\n<p>Development of a Hydrogen Roadmap for Bavaria<\/p>\n<\/div><\/div><\/div><div class=\"fusion-layout-column fusion_builder_column fusion-builder-column-5 fusion_builder_column_1_2 1_2 fusion-flex-column fusion-flex-align-self-stretch fusion-animated box-bg-icon\" style=\"--awb-padding-top:20px;--awb-padding-right:20px;--awb-padding-bottom:20px;--awb-padding-left:20px;--awb-bg-color:#104b61;--awb-bg-color-hover:#104b61;--awb-bg-position:right center;--awb-bg-blend:lighten;--awb-bg-size:cover;--awb-width-large:50%;--awb-margin-top-large:0px;--awb-spacing-right-large:3.84%;--awb-margin-bottom-large:20px;--awb-spacing-left-large:3.84%;--awb-width-medium:100%;--awb-order-medium:0;--awb-spacing-right-medium:1.92%;--awb-spacing-left-medium:1.92%;--awb-width-small:100%;--awb-order-small:0;--awb-spacing-right-small:1.92%;--awb-spacing-left-small:1.92%;\" data-animationType=\"fadeInDown\" data-animationDuration=\"0.3\" data-animationOffset=\"top-into-view\"><div class=\"fusion-column-wrapper lazyload fusion-column-has-shadow fusion-flex-justify-content-flex-start fusion-content-layout-column fusion-column-has-bg-image\" data-bg-url=\"https:\/\/h2.bayern\/wp-content\/uploads\/2021\/02\/ti.png\" data-bg=\"https:\/\/h2.bayern\/wp-content\/uploads\/2021\/02\/ti.png\"><div class=\"fusion-title title fusion-title-4 fusion-sep-none fusion-title-text fusion-title-size-two\" style=\"--awb-text-color:#ffffff;--awb-margin-top-small:0px;--awb-margin-right-small:0px;--awb-margin-bottom-small:20px;--awb-margin-left-small:0px;\"><h2 class=\"fusion-title-heading title-heading-left\" style=\"margin:0;\">Technology &amp; Innovation<\/h2><\/div><div class=\"fusion-text fusion-text-6\" style=\"--awb-text-color:#ffffff;\"><div class=\"content-container\">\n<p>Market and technology analysis for hydrogen for the further development and the large-scale implementation of the hydrogen economy in Bavaria<\/p>\n<p>Technological Matchmaking with the aim of bringing together actors and their expertise, to leverage synergy effects<\/p>\n<p>Initiation of demonstration projects<\/p>\n<\/div>\n<\/div><\/div><\/div><div class=\"fusion-layout-column fusion_builder_column fusion-builder-column-6 fusion_builder_column_1_2 1_2 fusion-flex-column fusion-flex-align-self-stretch fusion-animated box-bg-icon\" style=\"--awb-padding-top:20px;--awb-padding-right:20px;--awb-padding-bottom:20px;--awb-padding-left:20px;--awb-bg-color:#104b61;--awb-bg-color-hover:#104b61;--awb-bg-position:right center;--awb-bg-blend:lighten;--awb-bg-size:cover;--awb-width-large:50%;--awb-margin-top-large:0px;--awb-spacing-right-large:3.84%;--awb-margin-bottom-large:20px;--awb-spacing-left-large:3.84%;--awb-width-medium:100%;--awb-order-medium:0;--awb-spacing-right-medium:1.92%;--awb-spacing-left-medium:1.92%;--awb-width-small:100%;--awb-order-small:0;--awb-spacing-right-small:1.92%;--awb-spacing-left-small:1.92%;\" data-animationType=\"fadeInDown\" data-animationDuration=\"0.3\" data-animationOffset=\"top-into-view\"><div class=\"fusion-column-wrapper lazyload fusion-column-has-shadow fusion-flex-justify-content-flex-start fusion-content-layout-column fusion-column-has-bg-image\" data-bg-url=\"https:\/\/h2.bayern\/wp-content\/uploads\/2021\/02\/oea.png\" data-bg=\"https:\/\/h2.bayern\/wp-content\/uploads\/2021\/02\/oea.png\"><div class=\"fusion-title title fusion-title-5 fusion-sep-none fusion-title-text fusion-title-size-two\" style=\"--awb-text-color:#ffffff;--awb-margin-top-small:0px;--awb-margin-right-small:0px;--awb-margin-bottom-small:20px;--awb-margin-left-small:0px;\"><h2 class=\"fusion-title-heading title-heading-left\" style=\"margin:0;\">Public Relations<\/h2><\/div><div class=\"fusion-text fusion-text-7\" style=\"--awb-text-color:#ffffff;\"><div class=\"content-container\">\n<p>Networking activities to accelerate the development of national and international cooperation<\/p>\n<p>Press and Public Relations work to increase the general awareness of the technologies and their prospects<\/p>\n<p>Cooperation with other regional, national and international initiatives and players<\/p>\n<\/div>\n<\/div><\/div><\/div><div class=\"fusion-layout-column fusion_builder_column fusion-builder-column-7 fusion_builder_column_1_2 1_2 fusion-flex-column fusion-flex-align-self-stretch fusion-animated box-bg-icon\" style=\"--awb-padding-top:20px;--awb-padding-right:20px;--awb-padding-bottom:20px;--awb-padding-left:20px;--awb-bg-color:#104b61;--awb-bg-color-hover:#104b61;--awb-bg-position:right center;--awb-bg-blend:lighten;--awb-bg-size:cover;--awb-width-large:50%;--awb-margin-top-large:0px;--awb-spacing-right-large:3.84%;--awb-margin-bottom-large:20px;--awb-spacing-left-large:3.84%;--awb-width-medium:100%;--awb-order-medium:0;--awb-spacing-right-medium:1.92%;--awb-spacing-left-medium:1.92%;--awb-width-small:100%;--awb-order-small:0;--awb-spacing-right-small:1.92%;--awb-spacing-left-small:1.92%;\" data-animationType=\"fadeInDown\" data-animationDuration=\"0.3\" data-animationOffset=\"top-into-view\"><div class=\"fusion-column-wrapper lazyload fusion-column-has-shadow fusion-flex-justify-content-flex-start fusion-content-layout-column fusion-column-has-bg-image\" data-bg-url=\"https:\/\/h2.bayern\/wp-content\/uploads\/2021\/03\/wbb_icon.png\" data-bg=\"https:\/\/h2.bayern\/wp-content\/uploads\/2021\/03\/wbb_icon.png\"><div class=\"fusion-title title fusion-title-6 fusion-sep-none fusion-title-text fusion-title-size-two\" style=\"--awb-text-color:#ffffff;--awb-margin-top-small:0px;--awb-margin-right-small:0px;--awb-margin-bottom-small:20px;--awb-margin-left-small:0px;\"><h2 class=\"fusion-title-heading title-heading-left\" style=\"margin:0;\">Hydrogen Alliance Bavaria<\/h2><\/div><div class=\"fusion-text fusion-text-8\" style=\"--awb-text-color:#ffffff;\"><div>\n<p>Coordination of activities within the Alliance:<\/p>\n<p>Stakeholder dialogue for the strategy and roadmap development<\/p>\n<p>Workshops, seminars (to connect and inform)<\/p>\n<\/div>\n<\/div><div style=\"text-align:left;\"><a class=\"fusion-button button-flat button-large button-custom fusion-button-default button-2 fusion-button-default-span button-bold\" style=\"--awb-margin-top:5px;--awb-margin-bottom:45px;--button_accent_color:#1e6c83;--button_border_color:#1e6c83;--button_accent_hover_color:#104b61;--button_border_hover_color:#104b61;--button_border_width-top:2px;--button_border_width-right:2px;--button_border_width-bottom:2px;--button_border_width-left:2px;--button-border-radius-top-left:0px;--button-border-radius-top-right:0px;--button-border-radius-bottom-right:0px;--button-border-radius-bottom-left:0px;--button_gradient_top_color:#ffffff;--button_gradient_bottom_color:#ffffff;--button_gradient_top_color_hover:#efefef;--button_gradient_bottom_color_hover:#efefef;\" target=\"_self\" href=\"https:\/\/h2.bayern\/en\/hydrogen-alliance-bavaria\/\"><i class=\"fa-arrow-alt-circle-right fas awb-button__icon awb-button__icon--default button-icon-left\" aria-hidden=\"true\"><\/i><span class=\"fusion-button-text awb-button__text awb-button__text--default\">To the Hydrogen Alliance<\/span><\/a><\/div><\/div><\/div><\/div><\/div><\/p>\n","protected":false},"excerpt":{"rendered":"","protected":false},"author":1,"featured_media":0,"parent":0,"menu_order":1,"comment_status":"closed","ping_status":"closed","template":"","meta":{"_acf_changed":false,"inline_featured_image":false,"footnotes":""},"class_list":["post-579","page","type-page","status-publish","hentry"],"acf":[],"aioseo_notices":[],"_links":{"self":[{"href":"https:\/\/h2.bayern\/en\/wp-json\/wp\/v2\/pages\/579","targetHints":{"allow":["GET"]}}],"collection":[{"href":"https:\/\/h2.bayern\/en\/wp-json\/wp\/v2\/pages"}],"about":[{"href":"https:\/\/h2.bayern\/en\/wp-json\/wp\/v2\/types\/page"}],"author":[{"embeddable":true,"href":"https:\/\/h2.bayern\/en\/wp-json\/wp\/v2\/users\/1"}],"replies":[{"embeddable":true,"href":"https:\/\/h2.bayern\/en\/wp-json\/wp\/v2\/comments?post=579"}],"version-history":[{"count":0,"href":"https:\/\/h2.bayern\/en\/wp-json\/wp\/v2\/pages\/579\/revisions"}],"wp:attachment":[{"href":"https:\/\/h2.bayern\/en\/wp-json\/wp\/v2\/media?parent=579"}],"curies":[{"name":"wp","href":"https:\/\/api.w.org\/{rel}","templated":true}]}}